{"id":80,"date":"2020-03-07T15:38:19","date_gmt":"2020-03-07T15:38:19","guid":{"rendered":"https:\/\/www.apf-wellness.co.uk\/?page_id=80"},"modified":"2023-01-26T10:31:55","modified_gmt":"2023-01-26T10:31:55","slug":"anna-faff","status":"publish","type":"page","link":"https:\/\/www.psycholog-manchester.co.uk\/index.php\/anna-faff\/","title":{"rendered":"O mnie"},"content":{"rendered":"\n<figure class=\"wp-block-image size-large\"><img decoding=\"async\" src=\"\/wp-content\/uploads\/2021\/03\/IMG-20190829-WA0036-edited.jpg\" alt=\"\" class=\"wp-image-259\"\/><\/figure>\n\n\n\n<p><strong>Anna Faff<\/strong><\/p>\n\n\n\n<p>W swojej praktyce kieruj\u0119 si\u0119 holistycznym podej\u015bciem do klienta. Podczas sesji wykorzystuj\u0119 wiedz\u0119 z zakresu psychologii tradycyjnej, yoga, NLP oraz ayurveda. Oferuj\u0119 bezpieczne i zach\u0119caj\u0105ce \u015brodowisko, w kt\u00f3rym osoba nie czuje si\u0119 oceniana, ale czyje si\u0119 bezpiecznie i jest akceptowana. <\/p>\n\n\n\n<p>Osoby, kt\u00f3re do mnie przychodz\u0105, do\u015bwiadczaj\u0105 oderwania, niewyja\u015bnionego b\u00f3lu, braku stabilizacji. Wraz z wysokim poziomem stresu emocjonalnego, trudno\u015bciami w nastroju, wstydem, poczuciem winy, trudno\u015bciami z poczuciem w\u0142asnej warto\u015bci i og\u00f3lnie trudno\u015bciami \u017cyciowymi. Podczas sesji pracuj\u0119 z klientem nad ustaleniem prawdziwych przyczyn czyjego\u015b stanu i osi\u0105gni\u0119ciem bezpiecznego i zdrowego wyniku. <\/p>\n\n\n\n<p>Pracuj\u0119 r\u00f3wnie\u017c z parami Neurotypowymi \/ Neuror\u00f3\u017cnorodnymi. B\u0119d\u0105c w ma\u0142\u017ce\u0144stwie z m\u0119\u017cczyzn\u0105 z autyzmem od ponad 14 lat, rozumiem trudno\u015bci z obu stron. Jestem pasjonatem relacji ASD i NT i wierz\u0119, \u017ce mo\u017ce to by\u0107 tak samo satysfakcjonuj\u0105ce i piel\u0119gnuj\u0105ce jak ka\u017cde inne. Zajmuj\u0119 si\u0119 pomoc\u0105 w ASD, stylu przywi\u0105zania i zdrowia psychicznego u doros\u0142ych. Posiadam tytu\u0142 Magistra Psychologii (MBPsS) z Anglii i posiadam akredytacj\u0119 GBC. Post\u0119puj\u0119 zgodnie z etyk\u0105 i kodeksem post\u0119powania Brytyjskiego Towarzystwa Psychologicznego. <\/p>\n\n\n\n<p><strong>Kwalifikacje:<\/strong><\/p>\n\n\n\n<ul class=\"wp-block-list\">\n<li>MBPsS, MBA, MSc<\/li>\n\n\n\n<li>GBC of the British Psychological Society<\/li>\n\n\n\n<li>Yoga teacher (500hrs)<\/li>\n\n\n\n<li>Ayurveda Advanced Practitioner<\/li>\n\n\n\n<li>NLP Practitioner<\/li>\n\n\n\n<li>Yoga Trauma therapy<strong><\/strong><\/li>\n<\/ul>\n\n\n\n<p><strong>Specjalizuje sie w:<\/strong><\/p>\n\n\n\n<ul class=\"wp-block-list\">\n<li>Depresji<\/li>\n\n\n\n<li>Traumie &amp; PTSD<\/li>\n\n\n\n<li>Zaburzenia przywi\u0105zania<\/li>\n\n\n\n<li>Zaburzenia przetwarzania emocjonalnego<\/li>\n\n\n\n<li>Autyzm u doros\u0142ych (Zesp\u00f3\u0142 Aspergera)<\/li>\n\n\n\n<li>ASD\/NT \u2013 Terapia par<\/li>\n\n\n\n<li>Demencja \u2013 ocena zaburze\u0144 pami\u0119ci<\/li>\n<\/ul>\n\n\n\n<p><strong>Services:<\/strong><strong><\/strong><\/p>\n\n\n\n<ul class=\"wp-block-list\">\n<li>Psychoterapia<\/li>\n\n\n\n<li>Yoga<\/li>\n\n\n\n<li>Terapia Yoga trauma<\/li>\n\n\n\n<li>Konsultacje Ayurveda<\/li>\n\n\n\n<li>Coaching \u2013 zmiany w \u017cyciu<\/li>\n<\/ul>\n\n\n\n<p><strong>Treningi i zainteresowania:<\/strong><\/p>\n\n\n\n<ul class=\"wp-block-list\">\n<li>Diagnostyka neurologiczna \u2013 Pami\u0119\u0107<\/li>\n\n\n\n<li>Osobowo\u015b\u0107 Borderline 7 CHAD \u2013 diagnostyka<\/li>\n\n\n\n<li>Mi\u0119dzynarodowy program przyw\u00f3dztwa<\/li>\n\n\n\n<li>Wi\u0119cej ni\u017c s\u0142owa \u2013 Jak wprowadzi\u0107 cia\u0142o w terapi\u0119<\/li>\n<\/ul>\n","protected":false},"excerpt":{"rendered":"<p>Anna Faff W swojej praktyce kieruj\u0119 si\u0119 holistycznym podej\u015bciem do klienta. Podczas sesji wykorzystuj\u0119 wiedz\u0119 z zakresu psychologii tradycyjnej, yoga, NLP oraz ayurveda. Oferuj\u0119 bezpieczne i zach\u0119caj\u0105ce \u015brodowisko, w kt\u00f3rym osoba nie czuje si\u0119 oceniana, ale czyje si\u0119 bezpiecznie i jest akceptowana. Osoby, kt\u00f3re do mnie przychodz\u0105, do\u015bwiadczaj\u0105 oderwania, niewyja\u015bnionego [&hellip;]<\/p>\n","protected":false},"author":2,"featured_media":0,"parent":0,"menu_order":0,"comment_status":"closed","ping_status":"closed","template":"page-templates\/full-width.php","meta":{"_coblocks_attr":"","_coblocks_dimensions":"","_coblocks_responsive_height":"","_coblocks_accordion_ie_support":"","footnotes":""},"class_list":["post-80","page","type-page","status-publish","hentry"],"_links":{"self":[{"href":"https:\/\/www.psycholog-manchester.co.uk\/index.php\/wp-json\/wp\/v2\/pages\/80","targetHints":{"allow":["GET"]}}],"collection":[{"href":"https:\/\/www.psycholog-manchester.co.uk\/index.php\/wp-json\/wp\/v2\/pages"}],"about":[{"href":"https:\/\/www.psycholog-manchester.co.uk\/index.php\/wp-json\/wp\/v2\/types\/page"}],"author":[{"embeddable":true,"href":"https:\/\/www.psycholog-manchester.co.uk\/index.php\/wp-json\/wp\/v2\/users\/2"}],"replies":[{"embeddable":true,"href":"https:\/\/www.psycholog-manchester.co.uk\/index.php\/wp-json\/wp\/v2\/comments?post=80"}],"version-history":[{"count":12,"href":"https:\/\/www.psycholog-manchester.co.uk\/index.php\/wp-json\/wp\/v2\/pages\/80\/revisions"}],"predecessor-version":[{"id":797,"href":"https:\/\/www.psycholog-manchester.co.uk\/index.php\/wp-json\/wp\/v2\/pages\/80\/revisions\/797"}],"wp:attachment":[{"href":"https:\/\/www.psycholog-manchester.co.uk\/index.php\/wp-json\/wp\/v2\/media?parent=80"}],"curies":[{"name":"wp","href":"https:\/\/api.w.org\/{rel}","templated":true}]}}