{"id":735,"date":"2021-11-14T21:50:00","date_gmt":"2021-11-14T21:50:00","guid":{"rendered":"https:\/\/www.apf-wellness.co.uk\/?page_id=735"},"modified":"2023-01-22T18:00:59","modified_gmt":"2023-01-22T18:00:59","slug":"therapy-agreement","status":"publish","type":"page","link":"https:\/\/www.psycholog-manchester.co.uk\/index.php\/legal-stuff\/therapy-agreement\/","title":{"rendered":"Kontrakt terapeutyczny"},"content":{"rendered":"\n<h2 class=\"wp-block-heading\"><strong>1.\u00a0\u00a0\u00a0 Wst\u0119p<\/strong><\/h2>\n\n\n\n<p>Jest to obop\u00f3lna umowa mi\u0119dzy APF Wellness reprezentowan\u0105 przez Terapeut\u0119 a Klientem przed rozpocz\u0119ciem terapii. Okre\u015bla obowi\u0105zki Terapeuty wobec Klienta oraz obowi\u0105zki Klienta w relacji Terapii.<\/p>\n\n\n\n<p>APF Wellness to nazwa handlowa firmy APF Business Ltd, numer rejestracyjny firmy: 8832114. Zarejestrowany adres: 72 Hopwood Road, Middleton, M24 6HY<\/p>\n\n\n\n<p><strong>Terapeuta\u00a0\u00a0\u00a0\u00a0<\/strong><\/p>\n\n\n\n<p>Pe\u0142ne imi\u0119 i nazwisko: \u00a0\u00a0\u00a0\u00a0\u00a0 \u2026\u2026\u2026\u2026\u2026\u2026\u2026\u2026\u2026\u2026\u2026\u2026\u2026\u2026\u2026\u2026\u2026\u2026\u2026\u2026\u2026\u2026\u2026\u2026\u2026\u2026\u2026\u2026\u2026\u2026\u2026\u2026\u2026\u2026\u2026\u2026\u2026\u2026\u2026\u2026\u2026\u2026\u2026\u2026\u2026<\/p>\n\n\n\n<p>Numer telefonu\u00a0\u00a0\u00a0\u00a0\u00a0\u00a0\u00a0\u00a0\u00a0\u00a0\u00a0 \u00a0\u00a0\u00a0 \u2026\u2026\u2026\u2026\u2026\u2026\u2026\u2026\u2026\u2026\u2026\u2026\u2026\u2026\u2026\u2026\u2026\u2026\u2026\u2026\u2026\u2026\u2026\u2026\u2026\u2026\u2026\u2026\u2026\u2026\u2026\u2026\u2026\u2026\u2026\u2026\u2026\u2026\u2026\u2026\u2026\u2026\u2026\u2026\u2026<\/p>\n\n\n\n<p>Adres email:\u00a0\u00a0\u00a0    \u00a0\u00a0\u00a0\u00a0\u00a0\u00a0\u00a0\u00a0\u00a0\u00a0\u00a0 \u00a0\u00a0 \u2026\u2026\u2026\u2026\u2026\u2026\u2026\u2026\u2026\u2026\u2026\u2026\u2026\u2026\u2026\u2026\u2026\u2026\u2026\u2026\u2026\u2026\u2026\u2026\u2026\u2026\u2026\u2026\u2026\u2026\u2026\u2026\u2026\u2026\u2026\u2026\u2026\u2026\u2026\u2026\u2026\u2026\u2026\u2026\u2026<\/p>\n\n\n\n<p>Strona internetowa:  \u00a0\u00a0\u00a0\u00a0\u00a0\u00a0\u00a0\u00a0 \u2026\u2026\u2026\u2026\u2026\u2026\u2026\u2026\u2026\u2026\u2026\u2026\u2026\u2026\u2026\u2026\u2026\u2026\u2026\u2026\u2026\u2026\u2026\u2026\u2026\u2026\u2026\u2026\u2026\u2026\u2026\u2026\u2026\u2026\u2026\u2026\u2026\u2026\u2026\u2026\u2026\u2026\u2026\u2026\u2026<\/p>\n\n\n\n<p>Adres firmy:\u00a0\u00a0\u00a0\u00a0\u00a0\u00a0\u00a0\u00a0\u00a0 \u00a0\u00a0\u00a0\u00a0\u00a0\u00a0\u00a0\u00a0\u00a0\u00a0\u00a0\u00a0\u00a0 \u2026\u2026\u2026\u2026\u2026\u2026\u2026\u2026\u2026\u2026\u2026\u2026\u2026\u2026\u2026\u2026\u2026\u2026\u2026\u2026\u2026\u2026\u2026\u2026\u2026\u2026\u2026\u2026\u2026\u2026\u2026\u2026\u2026\u2026\u2026\u2026\u2026\u2026\u2026\u2026\u2026\u2026\u2026\u2026\u2026<\/p>\n\n\n\n<p><strong>Klient\u00a0\u00a0\u00a0\u00a0\u00a0\u00a0\u00a0\u00a0\u00a0\u00a0\u00a0\u00a0\u00a0\u00a0\u00a0\u00a0\u00a0\u00a0\u00a0\u00a0\u00a0\u00a0\u00a0\u00a0\u00a0<\/strong><\/p>\n\n\n\n<p>Pe\u0142ne imi\u0119 i nazwisko: \u00a0\u00a0\u00a0\u00a0\u00a0\u2026\u2026\u2026\u2026\u2026\u2026\u2026\u2026\u2026\u2026\u2026\u2026\u2026\u2026\u2026\u2026\u2026\u2026\u2026\u2026\u2026\u2026\u2026\u2026\u2026\u2026\u2026\u2026\u2026\u2026\u2026\u2026\u2026\u2026\u2026\u2026\u2026\u2026\u2026\u2026\u2026\u2026\u2026\u2026\u2026<\/p>\n\n\n\n<p>Data urodzenia:\u00a0\u00a0\u00a0\u00a0\u00a0\u00a0\u00a0\u00a0\u00a0\u00a0\u00a0  \u00a0\u00a0\u00a0 \u2026\u2026\u2026\u2026\u2026\u2026\u2026\u2026\u2026\u2026\u2026\u2026\u2026\u00a0\u00a0\u00a0 \u00a0\u00a0\u00a0\u00a0\u00a0\u00a0\u00a0\u00a0\u00a0Numer telefonu: \u2026\u2026\u2026\u2026\u2026\u2026\u2026\u2026\u2026\u2026\u2026\u2026\u2026\u2026..\u2026\u2026<\/p>\n\n\n\n<p>Adres email:\u00a0  \u00a0\u00a0\u00a0 \u00a0\u00a0\u00a0\u00a0\u00a0\u00a0\u00a0\u00a0\u00a0\u00a0\u00a0\u00a0\u00a0\u00a0 \u2026\u2026\u2026\u2026\u2026\u2026\u2026\u2026\u2026\u2026\u2026\u2026\u2026\u2026\u2026\u2026\u2026\u2026\u2026\u2026\u2026\u2026\u2026\u2026\u2026\u2026\u2026\u2026\u2026\u2026\u2026\u2026\u2026\u2026\u2026\u2026\u2026\u2026\u2026\u2026\u2026\u2026\u2026\u2026\u2026<\/p>\n\n\n\n<p>Adres zamieszkania:  \u00a0\u00a0\u00a0\u00a0\u00a0\u00a0\u00a0 \u2026\u2026\u2026\u2026\u2026\u2026\u2026\u2026\u2026\u2026\u2026\u2026\u2026\u2026\u2026\u2026\u2026\u2026\u2026\u2026\u2026\u2026\u2026\u2026\u2026\u2026\u2026\u2026\u2026\u2026\u2026\u2026\u2026\u2026\u2026\u2026\u2026\u2026\u2026\u2026\u2026\u2026\u2026\u2026\u2026<\/p>\n\n\n\n<p>&nbsp;&nbsp;&nbsp;&nbsp;&nbsp;&nbsp;&nbsp;&nbsp;&nbsp;&nbsp;&nbsp;&nbsp;&nbsp;&nbsp;&nbsp;&nbsp;&nbsp;&nbsp;&nbsp;&nbsp;&nbsp;&nbsp;&nbsp;&nbsp;&nbsp;&nbsp;&nbsp;&nbsp;&nbsp; &nbsp;&nbsp;&nbsp;&nbsp;&nbsp;&nbsp;&nbsp;&nbsp;&nbsp;&nbsp;  \u2026\u2026\u2026\u2026\u2026\u2026\u2026\u2026\u2026\u2026\u2026\u2026\u2026\u2026\u2026\u2026\u2026\u2026\u2026\u2026\u2026\u2026\u2026\u2026\u2026\u2026\u2026\u2026\u2026\u2026\u2026\u2026\u2026\u2026\u2026\u2026\u2026\u2026\u2026\u2026\u2026\u2026\u2026\u2026\u2026<\/p>\n\n\n\n<p>&nbsp;&nbsp;&nbsp;&nbsp;&nbsp;&nbsp;&nbsp;&nbsp;&nbsp;&nbsp;&nbsp;&nbsp;&nbsp;&nbsp;&nbsp;&nbsp;&nbsp;&nbsp;&nbsp;&nbsp;&nbsp;&nbsp;&nbsp;&nbsp;&nbsp;&nbsp;&nbsp;&nbsp;&nbsp; &nbsp;&nbsp;&nbsp;&nbsp;&nbsp;&nbsp;&nbsp;&nbsp;&nbsp;&nbsp;&nbsp; \u2026\u2026\u2026\u2026\u2026\u2026\u2026\u2026\u2026\u2026\u2026\u2026\u2026\u2026\u2026\u2026\u2026\u2026\u2026\u2026\u2026\u2026\u2026\u2026\u2026\u2026\u2026\u2026\u2026\u2026\u2026\u2026\u2026\u2026\u2026\u2026\u2026\u2026\u2026\u2026\u2026\u2026\u2026\u2026\u2026<\/p>\n\n\n\n<p>Kontakt awaryjny do najbli\u017cszej osoby:<\/p>\n\n\n\n<p>Pe\u0142ne imi\u0119 i nazwisko: \u00a0\u00a0\u00a0\u00a0\u00a0\u2026\u2026\u2026\u2026\u2026\u2026\u2026\u2026\u2026\u2026\u2026\u2026\u2026\u2026\u2026\u2026\u2026\u2026\u2026\u2026\u2026\u2026\u2026\u2026\u2026\u2026\u2026\u2026\u2026\u2026\u2026\u2026\u2026\u2026\u2026\u2026\u2026\u2026\u2026\u2026\u2026\u2026\u2026\u2026\u2026<\/p>\n\n\n\n<p>Numer telefonu: \u00a0\u00a0\u00a0\u00a0\u00a0\u00a0\u00a0\u00a0\u00a0\u00a0\u00a0\u00a0\u00a0 \u2026\u2026\u2026\u2026\u2026\u2026\u2026\u2026\u2026\u2026\u2026\u2026\u2026\u2026\u2026\u2026\u2026\u2026\u2026\u2026\u2026\u2026\u2026\u2026\u2026\u2026\u2026\u2026\u2026\u2026\u2026\u2026\u2026\u2026\u2026\u2026\u2026\u2026\u2026\u2026\u2026\u2026\u2026\u2026\u2026<\/p>\n\n\n\n<p>Kontakt do lekarza rodzinnego:<\/p>\n\n\n\n<p>Nazwa praktyki:\u00a0\u00a0\u00a0\u00a0        \u00a0\u00a0\u00a0\u00a0\u2026\u2026\u2026\u2026\u2026\u2026\u2026\u2026\u2026\u2026\u2026\u2026\u2026\u2026\u2026\u2026\u2026\u2026\u2026\u2026\u2026\u2026\u2026\u2026\u2026\u2026\u2026\u2026\u2026\u2026\u2026\u2026\u2026\u2026\u2026\u2026\u2026\u2026\u2026\u2026\u2026\u2026\u2026\u2026\u2026<\/p>\n\n\n\n<p>Adres praktyki:\u00a0\u00a0\u00a0\u00a0              \u2026\u2026\u2026\u2026\u2026\u2026\u2026\u2026\u2026\u2026\u2026\u2026\u2026\u2026\u2026\u2026\u2026\u2026\u2026\u2026\u2026\u2026\u2026\u2026\u2026\u2026\u2026\u2026\u2026\u2026\u2026\u2026\u2026\u2026\u2026\u2026\u2026\u2026\u2026\u2026\u2026\u2026\u2026\u2026\u2026<\/p>\n\n\n\n<p>&nbsp;&nbsp;&nbsp;&nbsp;&nbsp;&nbsp;&nbsp;&nbsp;&nbsp;&nbsp;&nbsp;&nbsp;&nbsp;&nbsp;&nbsp;&nbsp;&nbsp;&nbsp;&nbsp;&nbsp;&nbsp;&nbsp;&nbsp;&nbsp;&nbsp;&nbsp;&nbsp;&nbsp;&nbsp; &nbsp;&nbsp;&nbsp;&nbsp;&nbsp;&nbsp;&nbsp;&nbsp;&nbsp;&nbsp;&nbsp; \u2026\u2026\u2026\u2026\u2026\u2026\u2026\u2026\u2026\u2026\u2026\u2026\u2026\u2026\u2026\u2026\u2026\u2026\u2026\u2026\u2026\u2026\u2026\u2026\u2026\u2026\u2026\u2026\u2026\u2026\u2026\u2026\u2026\u2026\u2026\u2026\u2026\u2026\u2026\u2026\u2026\u2026\u2026\u2026\u2026<\/p>\n\n\n\n<p>&nbsp;&nbsp;&nbsp;&nbsp;&nbsp;&nbsp;&nbsp;&nbsp;&nbsp;&nbsp;&nbsp;&nbsp;&nbsp;&nbsp;&nbsp;&nbsp;&nbsp;&nbsp;&nbsp;&nbsp;&nbsp;&nbsp;&nbsp;&nbsp;&nbsp;&nbsp;&nbsp;&nbsp;&nbsp; &nbsp;&nbsp;&nbsp;&nbsp;&nbsp;&nbsp;&nbsp;&nbsp;&nbsp;&nbsp;&nbsp; \u2026\u2026\u2026\u2026\u2026\u2026\u2026\u2026\u2026\u2026\u2026\u2026\u2026\u2026\u2026\u2026\u2026\u2026\u2026\u2026\u2026\u2026\u2026\u2026\u2026\u2026\u2026\u2026\u2026\u2026\u2026\u2026\u2026\u2026\u2026\u2026\u2026\u2026\u2026\u2026\u2026\u2026\u2026\u2026\u2026<\/p>\n\n\n\n<p>Nazwisko lekarza:\u00a0\u00a0\u00a0\u00a0\u00a0\u00a0\u00a0\u00a0\u00a0\u00a0\u00a0\u00a0\u00a0 \u2026\u2026\u2026\u2026\u2026\u2026\u2026\u2026\u2026\u2026\u2026\u2026\u2026\u2026\u2026\u2026\u2026\u2026\u2026\u2026\u2026\u2026\u2026\u2026\u2026\u2026\u2026\u2026\u2026\u2026\u2026\u2026\u2026\u2026\u2026\u2026\u2026\u2026\u2026\u2026\u2026\u2026\u2026\u2026\u2026<\/p>\n\n\n\n<h2 class=\"wp-block-heading\"><strong>2.\u00a0\u00a0\u00a0 <\/strong><strong>D\u0142ugo\u015b\u0107 terapii<\/strong><\/h2>\n\n\n\n<p>Ca\u0142kowita liczba sesji terapeutycznych b\u0119dzie zale\u017ca\u0142a od charakteru problemu i uzgodnionego planu terapii, ale zwykle obejmuje od czterech do dwudziestu indywidualnych wizyt.<\/p>\n\n\n\n<h2 class=\"wp-block-heading\"><strong>3.\u00a0\u00a0\u00a0 Sesje<\/strong><\/h2>\n\n\n\n<p>Sesje trwaj\u0105 50 minut. Klient spotyka\u0142 si\u0119 z Terapeut\u0105 zazwyczaj raz w tygodniu, o ustalonej godzinie i dniu. Ca\u0142y czas sesji nale\u017cy do Klienta, niezale\u017cnie od tego, czy zdecyduje si\u0119 uczestniczy\u0107 w sesji, czy te\u017c nie, a Terapeuta b\u0119dzie obecny przez ca\u0142\u0105 sesj\u0119. Je\u015bli Klient przyb\u0119dzie w po\u0142owie wyznaczonego czasu, Terapeuta zobaczy Klienta przez pozosta\u0142\u0105 cz\u0119\u015b\u0107 czasu. Je\u015bli okoliczno\u015bci Klienta ulegn\u0105 zmianie i czas sesji nie b\u0119dzie ju\u017c odpowiedni, Terapeuta do\u0142o\u017cy wszelkich stara\u0144, aby to uwzgl\u0119dni\u0107 i zaproponowa\u0107 alternatywny termin. Terapie s\u0105 przeznaczone wy\u0142\u0105cznie dla os\u00f3b indywidualnych; \u017cadna inna osoba nie b\u0119dzie wpuszczana do pokoju terapeutycznego w \u017cadnym momencie i z jakiegokolwiek powodu. Jedynymi wyj\u0105tkami s\u0105 terapia rodzinna, mediacja i terapia relacji\/par.<\/p>\n\n\n\n<h3 class=\"wp-block-heading\">Sesje online<\/h3>\n\n\n\n<p>Terapia online jest dostarczana za po\u015brednictwem wideo, g\u0142osu i wiadomo\u015bci b\u0142yskawicznych. Wideo, g\u0142os i czat s\u0105 dostarczane za po\u015brednictwem platformy internetowej Zoom. Sesje wideo i g\u0142osowe nigdy nie s\u0105 nagrywane, a zawarto\u015b\u0107 sesji wiadomo\u015bci b\u0142yskawicznych jest usuwana.<\/p>\n\n\n\n<ul class=\"wp-block-list\">\n<li>Zaleca si\u0119, aby sesja online odbywa\u0142a si\u0119 przy u\u017cyciu bezpiecznego urz\u0105dzenia, na kt\u00f3rym mo\u017cna zapewni\u0107 poufno\u015b\u0107. Upewnij si\u0119, \u017ce ca\u0142kowicie opu\u015bci\u0142e\u015b wszystkie sesje terapii online. Zaleca si\u0119 usuni\u0119cie historii przegl\u0105dania po zako\u0144czeniu komunikacji, je\u015bli urz\u0105dzenie jest udost\u0119pniane komu\u015b innemu.<\/li>\n\n\n\n<li>\u015arodowisko wybrane do sesji online musi zapewnia\u0107 fizyczne i emocjonalne bezpiecze\u0144stwo oraz prywatno\u015b\u0107 Klienta. Te kroki pomagaj\u0105 zapewni\u0107 poufno\u015b\u0107 sesji terapeutycznej.<\/li>\n\n\n\n<li>W przypadku problem\u00f3w technicznych podczas sesji, Terapeuta postara si\u0119 niezw\u0142ocznie skontaktowa\u0107 z Pa\u0144stwem pod numerem telefonu iw ci\u0105gu 10 minut spr\u00f3buje ponownie po\u0142\u0105czy\u0107 si\u0119 on-line. Je\u015bli po 10 minutach nadal nie b\u0119dzie mo\u017cliwe ponowne po\u0142\u0105czenie, pozosta\u0142y czas sesji zostanie bezp\u0142atnie prze\u0142o\u017cony. Nale\u017cy pami\u0119ta\u0107, \u017ce Terapeuta nigdy celowo nie zako\u0144czy przedwcze\u015bnie sesji.<\/li>\n\n\n\n<li>Terapia online nie jest wskazana, je\u015bli Klient prze\u017cywa kryzys lub ma my\u015bli samob\u00f3jcze lub samob\u00f3jcze. W przypadku wyst\u0105pienia sytuacji zagra\u017caj\u0105cej \u017cyciu Klient wyra\u017ca zgod\u0119 na kontakt z infolini\u0105 kryzysow\u0105, telefon 999, udanie si\u0119 na szpitalny oddzia\u0142 ratunkowy lub udanie si\u0119 do odpowiednich s\u0142u\u017cb w przypadku przebywania za granic\u0105.<\/li>\n<\/ul>\n\n\n\n<h2 class=\"wp-block-heading\"><strong>4.\u00a0\u00a0<\/strong>Zobowi\u0105zania<\/h2>\n\n\n\n<p>Przebieg terapii wymaga zaanga\u017cowania zar\u00f3wno ze strony Terapeuty, jak i Klienta, dlatego tak wa\u017cna jest jasna polityka odwo\u0142ywania wizyt.<\/p>\n\n\n\n<p>Terapia mo\u017ce by\u0107 czasami bardzo wymagaj\u0105ca, frustruj\u0105ca, emocjonalna i mo\u017ce pojawi\u0107 si\u0119 naturalna niech\u0119\u0107 do uczestnictwa. Konieczne jest zdecydowane zobowi\u0105zanie do regularnego ucz\u0119szczania na zaj\u0119cia i ograniczania nieobecno\u015bci do minimum. Zbyt du\u017ca ilo\u015b\u0107 luk spowolni post\u0119p pracy terapeutycznej.<\/p>\n\n\n\n<p>Terapeuta zobowi\u0105zuje si\u0119 do:<\/p>\n\n\n\n<ul class=\"wp-block-list\">\n<li>Zapewni\u0107 Klientowi dedykowany przedzia\u0142 czasowy w ka\u017cdym tygodniu<\/li>\n\n\n\n<li>Zawiadomi\u0107 z co najmniej dwutygodniowym wyprzedzeniem o wszelkich planowanych odwo\u0142aniach, na przyk\u0142ad, je\u015bli Terapeuta b\u0119dzie nieobecny, oraz jak najdalej, jak to mo\u017cliwe w przypadku nieplanowanych odwo\u0142a\u0144, na przyk\u0142ad, je\u015bli Terapeuta \u017ale si\u0119 poczuje. Wszystkie takie anulacje nie b\u0119d\u0105 obci\u0105\u017cane.<\/li>\n<\/ul>\n\n\n\n<p>Klient proszony jest o zobowi\u0105zanie si\u0119 do:<\/p>\n\n\n\n<ul class=\"wp-block-list\">\n<li>Co najmniej cztery sesje, aby umo\u017cliwi\u0107 realistyczn\u0105 ocen\u0119 skuteczno\u015bci terapii.<\/li>\n\n\n\n<li>Uczestnicz w zarezerwowanych sesjach na czas<\/li>\n<\/ul>\n\n\n\n<h2 class=\"wp-block-heading\"><strong>5.\u00a0\u00a0\u00a0 <\/strong>Poufno\u015b\u0107, nadz\u00f3r i prowadzenie notatek<\/h2>\n\n\n\n<p>Jest to bardzo wa\u017cny aspekt relacji terapeutycznej. Wszystko, co jest omawiane z Terapeut\u0105 podczas sesji terapeutycznej, jest obj\u0119te \u015bcis\u0142\u0105 tajemnic\u0105.<\/p>\n\n\n\n<p>Jako cz\u0142onek odpowiednich organizacji zawodowych Terapeuta musi podlega\u0107 regularnej superwizji i od czasu do czasu omawia\u0107 swoj\u0105 prac\u0119 ze swoim prze\u0142o\u017conym. Terapeuta nie ujawni jednak imienia Klienta ani niczego, co mog\u0142oby go zidentyfikowa\u0107. Wszelkie informacje, kt\u00f3re otrzymuje superwizor, s\u0105 poufne i podlegaj\u0105 tym samym kryteriom etycznym, co terapia. Je\u015bli lokalny lekarz pierwszego kontaktu leczy Klienta z powodu trudno\u015bci emocjonalnych, Klient powinien poinformowa\u0107 lekarza pierwszego kontaktu o Terapeucie i odwrotnie. Terapeuta nie b\u0119dzie konsultowa\u0142 si\u0119 z lekarzem rodzinnym bez wiedzy i zgody Klienta.<\/p>\n\n\n\n<p>Terapeuta mo\u017ce robi\u0107 kr\u00f3tkie notatki po sesji, kt\u00f3re b\u0119d\u0105 bezpiecznie przechowywane. Czasami mog\u0105 chcie\u0107 nagra\u0107 sesj\u0119 terapeutyczn\u0105 w celu monitorowania swojej pracy, ale mo\u017ce to nast\u0105pi\u0107 tylko za uprzedni\u0105 wiedz\u0105 i zgod\u0105 Klienta. Ponownie dane te s\u0105 bezpiecznie przechowywane i niszczone po u\u017cyciu.<\/p>\n\n\n\n<h2 class=\"wp-block-heading\"><strong>6.\u00a0\u00a0\u00a0 Wyj\u0105tki od zachowania poufno\u015bci<\/strong><\/h2>\n\n\n\n<p>Istniej\u0105 sytuacje, w kt\u00f3rych Terapeuta mo\u017ce z\u0142ama\u0107 poufno\u015b\u0107 bez Twojej zgody:<\/p>\n\n\n\n<ul class=\"wp-block-list\">\n<li>Gdzie Klient zezwala na udost\u0119pnianie informacji.<\/li>\n\n\n\n<li>Gdzie s\u0105d nakazuje Terapeucie.<\/li>\n\n\n\n<li>Gdy informacje s\u0105 tak powa\u017cne, \u017ce nie mo\u017cna zachowa\u0107 poufno\u015bci. Obejmuje to przypadki, w kt\u00f3rych Terapeuta uwa\u017ca, \u017ce Klient lub inne osoby znajduj\u0105 si\u0119 w bezpo\u015brednim niebezpiecze\u0144stwie.<\/li>\n<\/ul>\n\n\n\n<p>Terapeuta zawsze b\u0119dzie pr\u00f3bowa\u0142 porozmawia\u0107 z Klientem przed z\u0142amaniem poufno\u015bci.<\/p>\n\n\n\n<h2 class=\"wp-block-heading\"><strong>7.\u00a0\u00a0\u00a0 Zako\u0144czenie terapii<\/strong><\/h2>\n\n\n\n<p>Zako\u0144czenia s\u0105 istotn\u0105 cz\u0119\u015bci\u0105 procesu terapii. U wi\u0119kszo\u015bci os\u00f3b decyzja o zako\u0144czeniu terapii zapada naturalnie w trakcie pracy. W normalnym toku wydarze\u0144 Klient prawdopodobnie b\u0119dzie wiedzia\u0142, kiedy b\u0119dzie gotowy, a Terapeuta uzgodni z Klientem prac\u0119, kt\u00f3r\u0105 musi wykona\u0107, aby si\u0119 do tego przygotowa\u0107.<\/p>\n\n\n\n<p>Czasami terapia mo\u017ce wydawa\u0107 si\u0119 trudna. Je\u015bli Klient chce nagle zako\u0144czy\u0107 terapi\u0119 z powodu stresu lub zmiany sytuacji \u017cyciowej, Terapeuta poprosi Klienta o om\u00f3wienie tych trudno\u015bci, a nie nag\u0142e zako\u0144czenie terapii. Bez wzgl\u0119du na pow\u00f3d Klienta, Terapeuta uszanuje jego decyzj\u0119, ale da mu to szans\u0119 na:<\/p>\n\n\n\n<ul class=\"wp-block-list\">\n<li>rozwi\u0105zywanie wszelkich krytycznych problem\u00f3w zwi\u0105zanych z wykonan\u0105 prac\u0105, oraz<\/li>\n\n\n\n<li>przetworzy\u0107 zako\u0144czenie pot\u0119\u017cnego i wyj\u0105tkowego zwi\u0105zku.<\/li>\n<\/ul>\n\n\n\n<h2 class=\"wp-block-heading\"><strong>8.\u00a0\u00a0\u00a0 Kontakt poza sesjami (w tym media spo\u0142eczno\u015bciowe)<\/strong><\/h2>\n\n\n\n<p>Dane kontaktowe podane w niniejszej Umowie s\u0105 do wykorzystania w przypadku anulowania, zmian lub w nag\u0142ych przypadkach.<\/p>\n\n\n\n<p>Terapeuta rozumie, \u017ce czasami mo\u017ce by\u0107 wymagany kontakt poza zarezerwowanymi godzinami sesji. Terapeuta zdecydowanie informuje, \u017ce podane dane kontaktowe nie zawsze s\u0105 obs\u0142ugiwane, a wiadomo\u015bci b\u0119d\u0105 odbierane tylko nieregularnie w ci\u0105gu dnia. Dlatego w skrajnych przypadkach zaleca si\u0119 Klientowi wezwanie pomocy\/porady medycznej. Jednak Terapeuta odpowie na wszystkie wiadomo\u015bci tak szybko, jak to b\u0119dzie mo\u017cliwe w godzinach pracy gabinetu.<\/p>\n\n\n\n<p>Klient i Terapeuta nie mog\u0105 spotyka\u0107 si\u0119 i\/lub mie\u0107 kontaktu poza relacj\u0105 terapeutyczn\u0105. Terapeuta nie b\u0119dzie w inny spos\u00f3b ani w innych miejscach publicznych kontaktowa\u0107 si\u0119 z Klientem ani rozpoznawa\u0107 Klienta w miejscu publicznym w celu ochrony prywatno\u015bci Klienta.<\/p>\n\n\n\n<p>APF Wellness nie \u015bwiadczy us\u0142ug interwencji kryzysowej. Je\u015bli Klient potrzebuje pilnej pomocy pomi\u0119dzy sesjami, zaleca si\u0119 kontakt z lokalnym lekarzem rodzinnym lub jedn\u0105 z nast\u0119puj\u0105cych organizacji https:\/\/www.mind.org.uk, https:\/\/www.mentalhealth.org.uk, https: \/\/www.samaritans.org, \u00a0https:\/\/www.depressionalliance.org, https:\/\/www.depressionanon.co.uk.<\/p>\n\n\n\n<p>Klient mo\u017ce r\u00f3wnie\u017c chcie\u0107 skontaktowa\u0107 si\u0119 z Terapeut\u0105 w celu przyspieszenia terminu wizyty.<\/p>\n\n\n\n<h2 class=\"wp-block-heading\"><strong>9.\u00a0\u00a0\u00a0 Op\u0142aty i p\u0142atno\u015bci<\/strong><\/h2>\n\n\n\n<p>Op\u0142aty za konkretn\u0105 terapi\u0119 publikowane s\u0105 na stronie internetowej APF Wellness https:\/\/www.psycholog-manchester.co.uk.<\/p>\n\n\n\n<p>P\u0142atno\u015bci nale\u017cy ui\u015bci\u0107 na sesji got\u00f3wk\u0105 lub kart\u0105 lub online podczas rezerwacji sesji. W przypadku zaleg\u0142o\u015bci w op\u0142acie za poprzedni\u0105 sesj\u0119, Klient musi j\u0105 uregulowa\u0107 przed przyst\u0105pieniem do kolejnych wizyt. Obejmuje op\u0142aty za opuszczone sesje. W przypadku trudno\u015bci z p\u0142atno\u015bci\u0105 Klient proszony jest o om\u00f3wienie tego z Terapeut\u0105.<\/p>\n\n\n\n<p>Op\u0142aty za terapi\u0119 s\u0105 corocznie weryfikowane, a o podwy\u017cce Klient zostanie poinformowany z co najmniej miesi\u0119cznym wyprzedzeniem.<\/p>\n\n\n\n<p>P\u0142atno\u015b\u0107 musi by\u0107 dokonana terminowo, w ca\u0142o\u015bci i bez jakichkolwiek potr\u0105ce\u0144, potr\u0105ce\u0144 lub roszcze\u0144 wzajemnych. W przypadku zaleg\u0142o\u015bci w sp\u0142acie APF Wellness skieruje spraw\u0119 do windykator\u00f3w, kt\u00f3rzy pobior\u0105 dop\u0142at\u0119 w wysoko\u015bci 15% nale\u017cno\u015bci. Klient zgadza si\u0119, \u017ce b\u0119dzie prawnie zobowi\u0105zany do uiszczenia tej dop\u0142aty i \u017ce jej zap\u0142ata mo\u017ce by\u0107 egzekwowana przeciwko Klientowi na drodze s\u0105dowej. Klient zgadza si\u0119 r\u00f3wnie\u017c zap\u0142aci\u0107 odsetki wed\u0142ug odpowiedniej stopy referencyjnej przewidzianej w Ustawie o op\u00f3\u017anieniach w sp\u0142acie d\u0142ug\u00f3w handlowych (odsetkach) z 1998 r. Odsetki s\u0105 p\u0142atne przed i po ka\u017cdym orzeczeniu s\u0105dowym i s\u0105 nadal naliczane.<\/p>\n\n\n\n<h2 class=\"wp-block-heading\"><strong>Anulowanie, wakacje i \u015bwi\u0119ta<\/strong><\/h2>\n\n\n\n<p>Je\u015bli Klient nie mo\u017ce uczestniczy\u0107 w sesji, pod warunkiem, \u017ce Klient poinformuje Terapeut\u0119 z co najmniej 24-godzinnym wyprzedzeniem, Terapeuta do\u0142o\u017cy wszelkich stara\u0144, aby to uwzgl\u0119dni\u0107 i zaproponowa\u0107 Klientowi alternatywn\u0105 godzin\u0119 lub dat\u0119. Je\u015bli jednak nie b\u0119dzie to mo\u017cliwe, zostanie naliczona pe\u0142na op\u0142ata za opuszczon\u0105 sesj\u0119. Odwo\u0142anie wizyty lub niestawienie si\u0119 na um\u00f3wion\u0105 wizyt\u0119 r\u00f3wnie\u017c wi\u0105\u017ce si\u0119 z poniesieniem pe\u0142nej op\u0142aty. Terapeuta b\u0119dzie dost\u0119pny dla Klienta z wyj\u0105tkiem dni wolnych od pracy oraz okazjonalnych okres\u00f3w, w kt\u00f3rych Klient mo\u017ce uczestniczy\u0107 w szkoleniu lub konferencji.<\/p>\n\n\n\n<h2 class=\"wp-block-heading\"><strong>11. <\/strong>Ochrona danych<\/h2>\n\n\n\n<p>Terapeuta prowadzi poufn\u0105 dokumentacj\u0119 dotycz\u0105c\u0105 wszystkich klient\u00f3w. Zapisy te s\u0105 bezpiecznie przechowywane, s\u0105 widoczne tylko dla upowa\u017cnionego personelu APF Wellness i mog\u0105 by\u0107 wykorzystywane anonimowo do tworzenia statystyk praktyki. Dane przechowywane przez APF Wellness podlegaj\u0105 brytyjskiemu RODO i ustawie o ochronie danych z 2018 r., kt\u00f3ra daje klientom prawo dost\u0119pu do przechowywanych na ich temat danych osobowych. W celu prowadzenia terapii Terapeuta musi w spos\u00f3b bezpieczny i odpowiedni zbiera\u0107 dane osobowe Klienta, a podpisuj\u0105c niniejsz\u0105 Umow\u0119 Klient wyra\u017ca zgod\u0119 na zbieranie tych danych. Terapia jest procesem poufnym, a Terapeuta nie ujawnia danych osobowych Klienta ani tre\u015bci sesji terapeutycznych osobom trzecim bez wyra\u017anej zgody Klienta. Jedynymi wyj\u0105tkami od tej regu\u0142y by\u0142yby okoliczno\u015bci opisane w sekcji \u201eWyj\u0105tki od zasady poufno\u015bci\u201d.<\/p>\n\n\n\n<h2 class=\"wp-block-heading\"><strong>12. Etyka i kodeks post\u0119powania<\/strong><\/h2>\n\n\n\n<p>Terapeuta jest cz\u0142onkiem BPS i dzia\u0142a w ramach etycznych zasad dobrych praktyk BPS Code of Ethics and Conduct (2018). Kopi\u0119 struktury mo\u017cna znale\u017a\u0107 na stronie internetowej BPS<\/p>\n\n\n\n<p><a href=\"https:\/\/www.bps.org.uk\/news-and-policy\/bps-code-ethics-and-conduct\">https:\/\/www.bps.org.uk\/news-and-policy\/bps-code-ethics-and-conduct<\/a>.<\/p>\n\n\n\n<h2 class=\"wp-block-heading\"><strong>13. <\/strong><strong>Right to refuse<\/strong><\/h2>\n\n\n\n<p>Klient proszony jest o nie zg\u0142aszanie si\u0119 pod wp\u0142ywem \u015brodk\u00f3w odurzaj\u0105cych lub nietrze\u017awych, gdy\u017c Terapeuta mo\u017ce nie widzie\u0107 Klienta i ma prawo odm\u00f3wi\u0107 przyj\u0119cia. W pomieszczeniach terapeutycznych obowi\u0105zuje zakaz palenia.<\/p>\n\n\n\n<h2 class=\"wp-block-heading\"><strong>14. Reklamacje<\/strong><\/h2>\n\n\n\n<p>Je\u015bli Klient ma zastrze\u017cenia do Terapeuty, prosimy o kontakt pisemny z APF Wellness na adres e-mail: office@apf-business.co.uk lub organizacja zawodowa BPS.<\/p>\n\n\n\n<figure class=\"wp-block-table\"><table><tbody><tr><td>Terapeuta<\/td><td>Klient<\/td><\/tr><tr><td>Pe\u0142ne imi\u0119 i nazwisko:<\/td><td>Pe\u0142ne imi\u0119 i nazwisko:<\/td><\/tr><tr><td>Podpis: \u00a0 \u00a0 \u00a0<\/td><td>SPodpis:<\/td><\/tr><tr><td>Data: \u00a0 \u00a0 \u00a0<\/td><td>Data:<\/td><\/tr><\/tbody><\/table><\/figure>\n","protected":false},"excerpt":{"rendered":"<p>1.\u00a0\u00a0\u00a0 Wst\u0119p Jest to obop\u00f3lna umowa mi\u0119dzy APF Wellness reprezentowan\u0105 przez Terapeut\u0119 a Klientem przed rozpocz\u0119ciem terapii. Okre\u015bla obowi\u0105zki Terapeuty wobec Klienta oraz obowi\u0105zki Klienta w relacji Terapii. APF Wellness to nazwa handlowa firmy APF Business Ltd, numer rejestracyjny firmy: 8832114. Zarejestrowany adres: 72 Hopwood Road, Middleton, M24 6HY Terapeuta\u00a0\u00a0\u00a0\u00a0 [&hellip;]<\/p>\n","protected":false},"author":1,"featured_media":0,"parent":60,"menu_order":0,"comment_status":"closed","ping_status":"closed","template":"page-templates\/full-width.php","meta":{"_coblocks_attr":"","_coblocks_dimensions":"","_coblocks_responsive_height":"","_coblocks_accordion_ie_support":"","footnotes":""},"class_list":["post-735","page","type-page","status-publish","hentry"],"_links":{"self":[{"href":"https:\/\/www.psycholog-manchester.co.uk\/index.php\/wp-json\/wp\/v2\/pages\/735","targetHints":{"allow":["GET"]}}],"collection":[{"href":"https:\/\/www.psycholog-manchester.co.uk\/index.php\/wp-json\/wp\/v2\/pages"}],"about":[{"href":"https:\/\/www.psycholog-manchester.co.uk\/index.php\/wp-json\/wp\/v2\/types\/page"}],"author":[{"embeddable":true,"href":"https:\/\/www.psycholog-manchester.co.uk\/index.php\/wp-json\/wp\/v2\/users\/1"}],"replies":[{"embeddable":true,"href":"https:\/\/www.psycholog-manchester.co.uk\/index.php\/wp-json\/wp\/v2\/comments?post=735"}],"version-history":[{"count":5,"href":"https:\/\/www.psycholog-manchester.co.uk\/index.php\/wp-json\/wp\/v2\/pages\/735\/revisions"}],"predecessor-version":[{"id":775,"href":"https:\/\/www.psycholog-manchester.co.uk\/index.php\/wp-json\/wp\/v2\/pages\/735\/revisions\/775"}],"up":[{"embeddable":true,"href":"https:\/\/www.psycholog-manchester.co.uk\/index.php\/wp-json\/wp\/v2\/pages\/60"}],"wp:attachment":[{"href":"https:\/\/www.psycholog-manchester.co.uk\/index.php\/wp-json\/wp\/v2\/media?parent=735"}],"curies":[{"name":"wp","href":"https:\/\/api.w.org\/{rel}","templated":true}]}}