{"id":501,"date":"2021-03-18T19:46:56","date_gmt":"2021-03-18T19:46:56","guid":{"rendered":"https:\/\/www.apf-wellness.co.uk\/?page_id=501"},"modified":"2023-01-22T17:01:32","modified_gmt":"2023-01-22T17:01:32","slug":"wellbeing-therapy","status":"publish","type":"page","link":"https:\/\/www.psycholog-manchester.co.uk\/index.php\/services\/wellbeing-therapy\/","title":{"rendered":"Psychoterapia"},"content":{"rendered":"\n<div class=\"wp-block-columns is-layout-flex wp-container-core-columns-is-layout-28f84493 wp-block-columns-is-layout-flex\">\n<div class=\"wp-block-column is-layout-flow wp-block-column-is-layout-flow\">\n<p>Psychoterapia to wsp\u00f3lne leczenie oparte na relacji mi\u0119dzy osob\u0105 a psychologiem.<\/p>\n\n\n\n<p>Ugruntowany w dialogu, zapewnia wspieraj\u0105ce \u015brodowisko, kt\u00f3re pozwala osobie otwarcie rozmawia\u0107 z kim\u015b, kto jest obiektywny, wspieraj\u0105cy i nieos\u0105dzaj\u0105cy. Osoba i psycholog b\u0119d\u0105 pracowa\u0107 wsp\u00f3lnie, aby zidentyfikowa\u0107 i zmieni\u0107 wzorce zachowa\u0144, kt\u00f3re powstrzymuj\u0105 j\u0105 przed czuciem si\u0119 najlepiej.<\/p>\n\n\n\n<p>Efektem terapii jest rozwi\u0105zanie problemu i nauczenie si\u0119, jak lepiej radzi\u0107 sobie z wyzwaniami, kt\u00f3re pojawi\u0105 si\u0119 w przysz\u0142o\u015bci. To podr\u00f3\u017c, w kt\u00f3rej klient mo\u017ce napisa\u0107 swoj\u0105 now\u0105 histori\u0119.<br>Zazwyczaj sesje odbywaj\u0105 si\u0119 co tydzie\u0144.<\/p>\n\n\n\n<figure class=\"wp-block-image size-large is-style-default\"><img loading=\"lazy\" decoding=\"async\" width=\"1024\" height=\"576\" src=\"\/wp-content\/uploads\/2021\/04\/DSC_6583-1-1024x576.jpg\" alt=\"\" class=\"wp-image-621\"\/><\/figure>\n<\/div>\n\n\n\n<div class=\"wp-block-column is-layout-flow wp-block-column-is-layout-flow\">\n<p><strong>Spacer psychoterapetyczny<\/strong><\/p>\n\n\n\n<p>Niekt\u00f3rzy ludzie nie czuj\u0105 si\u0119 komfortowo w biurze i wol\u0105 sesj\u0119 terapeutyczn\u0105 na \u015bwie\u017cym powietrzu, gdzie otoczenie nie jest tak formalne. Zwykle pozwala im to by\u0107 bardziej otwartymi i zrelaksowanymi.<\/p>\n\n\n\n<figure class=\"wp-block-image size-large is-style-default\"><img loading=\"lazy\" decoding=\"async\" width=\"768\" height=\"576\" src=\"\/wp-content\/uploads\/2021\/04\/image1.jpeg\" alt=\"\" class=\"wp-image-609\" srcset=\"https:\/\/www.psycholog-manchester.co.uk\/wp-content\/uploads\/2021\/04\/image1.jpeg 768w, https:\/\/www.psycholog-manchester.co.uk\/wp-content\/uploads\/2021\/04\/image1-300x225.jpeg 300w, https:\/\/www.psycholog-manchester.co.uk\/wp-content\/uploads\/2021\/04\/image1-750x563.jpeg 750w\" sizes=\"auto, (max-width: 768px) 100vw, 768px\" \/><\/figure>\n\n\n\n<p>Opcjonalnie (je\u015bli pogoda i miejsce na to pozwalaj\u0105) proponujemy tak\u0105 sesj\u0119 w parku w pobli\u017cu biura, gdzie mo\u017cemy pospacerowa\u0107 i om\u00f3wi\u0107 wszelkie problemy.<\/p>\n<\/div>\n<\/div>\n\n\n\n<p>Je\u015bli chcesz podpisa\u0107 ze mn\u0105 umow\u0119 na 10 sesji, zaproponujemy 10% rabatu.<\/p>\n\n\n\n<div class=\"wp-block-buttons is-layout-flex wp-block-buttons-is-layout-flex\">\n<div class=\"wp-block-button has-custom-width wp-block-button__width-100 is-style-outline is-style-outline--1\"><a class=\"wp-block-button__link wp-element-button\" href=\"https:\/\/www.psycholog-manchester.co.uk\/index.php\/booking\/\">Zarezerwuj sesje<\/a><\/div>\n<\/div>\n\n\n\n<hr class=\"wp-block-coblocks-dynamic-separator\" style=\"height:84px\">\n\n\n<div class=\"wp-block-coblocks-post-carousel external\"><div class=\"coblocks-swiper swiper-container pb-8\" data-swiper=\"{&quot;slidesToScroll&quot;:1,&quot;arrow&quot;:true,&quot;slidesToShow&quot;:2,&quot;infinite&quot;:true,&quot;adaptiveHeight&quot;:false,&quot;draggable&quot;:true,&quot;rtl&quot;:false,&quot;responsive&quot;:[{&quot;breakpoint&quot;:1024,&quot;settings&quot;:{&quot;slidesToShow&quot;:3}},{&quot;breakpoint&quot;:600,&quot;settings&quot;:{&quot;slidesToShow&quot;:2}},{&quot;breakpoint&quot;:480,&quot;settings&quot;:{&quot;slidesToShow&quot;:1}}]}\"><div class=\"swiper-wrapper\" ><div class=\"wp-block-coblocks-post-carousel__item swiper-slide\"><div class=\"wp-block-coblocks-post-carousel__image\"><a href=\"https:\/\/www.psycholog-manchester.co.uk\/index.php\/2021\/04\/18\/your-privacy-is-my-priority\/\" class=\"bg-cover bg-center-center\" style=\"background-image:url(https:\/\/www.psycholog-manchester.co.uk\/wp-content\/uploads\/2021\/04\/privacy.jpg)\"><\/a><\/div><div class=\"wp-block-coblocks-post-carousel__content\"><a href=\"https:\/\/www.psycholog-manchester.co.uk\/index.php\/2021\/04\/18\/your-privacy-is-my-priority\/\" alt=\"Twoja prywatno\u015b\u0107 jest moim priorytetem\">Twoja prywatno\u015b\u0107 jest moim priorytetem<\/a><div class=\"wp-block-coblocks-post-carousel__excerpt\">Istnieje wiele obaw dotycz\u0105cych ochrony danych i wycieku jakichkolwiek informacji dotycz\u0105cych klienta &hellip; <\/div><\/div><\/div><div class=\"wp-block-coblocks-post-carousel__item swiper-slide\"><div class=\"wp-block-coblocks-post-carousel__image\"><a href=\"https:\/\/www.psycholog-manchester.co.uk\/index.php\/2021\/04\/07\/why-psychotherapy\/\" class=\"bg-cover bg-center-center\" style=\"background-image:url(https:\/\/www.psycholog-manchester.co.uk\/wp-content\/uploads\/2021\/04\/mental-1831391_640.png)\"><\/a><\/div><div class=\"wp-block-coblocks-post-carousel__content\"><a href=\"https:\/\/www.psycholog-manchester.co.uk\/index.php\/2021\/04\/07\/why-psychotherapy\/\" alt=\"Dlaczego psychoterapia?\">Dlaczego psychoterapia?<\/a><div class=\"wp-block-coblocks-post-carousel__excerpt\">\u017bycie mo\u017ce mie\u0107 swoje wyzwania w dowolnym momencie. Czasami warto porozmawia\u0107 z &hellip; <\/div><\/div><\/div><div class=\"wp-block-coblocks-post-carousel__item swiper-slide\"><div class=\"wp-block-coblocks-post-carousel__image\"><a href=\"https:\/\/www.psycholog-manchester.co.uk\/index.php\/2021\/04\/07\/when-to-seek-help-from-a-psychotherapist\/\" class=\"bg-cover bg-center-center\" style=\"background-image:url(https:\/\/www.psycholog-manchester.co.uk\/wp-content\/uploads\/2021\/04\/when-to-seek-psych-e1617830268746.png)\"><\/a><\/div><div class=\"wp-block-coblocks-post-carousel__content\"><a href=\"https:\/\/www.psycholog-manchester.co.uk\/index.php\/2021\/04\/07\/when-to-seek-help-from-a-psychotherapist\/\" alt=\"Kiedy szuka\u0107 pomocy u psychoterapeuty?\">Kiedy szuka\u0107 pomocy u psychoterapeuty?<\/a><div class=\"wp-block-coblocks-post-carousel__excerpt\">Ameryka\u0144skie Towarzystwo Psychologiczne sugeruje rozwa\u017cenie terapii, gdy co\u015b powoduje niepok\u00f3j i zak\u0142\u00f3ca &hellip; <\/div><\/div><\/div><\/div><\/div><button class=\"wp-coblocks-post-carousel-nav-button__prev\" id=\"wp-coblocks-post-carousel-swiper-prev\" style=\"visibility:hidden\" \/><button class=\"wp-coblocks-post-carousel-nav-button__next\" id=\"wp-coblocks-post-carousel-swiper-next\" style=\"visibility:hidden\" \/><\/div>","protected":false},"excerpt":{"rendered":"<p>Psychoterapia to wsp\u00f3lne leczenie oparte na relacji mi\u0119dzy osob\u0105 a psychologiem. Ugruntowany w dialogu, zapewnia wspieraj\u0105ce \u015brodowisko, kt\u00f3re pozwala osobie otwarcie rozmawia\u0107 z kim\u015b, kto jest obiektywny, wspieraj\u0105cy i nieos\u0105dzaj\u0105cy. Osoba i psycholog b\u0119d\u0105 pracowa\u0107 wsp\u00f3lnie, aby zidentyfikowa\u0107 i zmieni\u0107 wzorce zachowa\u0144, kt\u00f3re powstrzymuj\u0105 j\u0105 przed czuciem si\u0119 najlepiej. Efektem [&hellip;]<\/p>\n","protected":false},"author":1,"featured_media":0,"parent":354,"menu_order":0,"comment_status":"closed","ping_status":"closed","template":"","meta":{"_coblocks_attr":"","_coblocks_dimensions":"","_coblocks_responsive_height":"","_coblocks_accordion_ie_support":"","footnotes":""},"class_list":["post-501","page","type-page","status-publish","hentry"],"_links":{"self":[{"href":"https:\/\/www.psycholog-manchester.co.uk\/index.php\/wp-json\/wp\/v2\/pages\/501","targetHints":{"allow":["GET"]}}],"collection":[{"href":"https:\/\/www.psycholog-manchester.co.uk\/index.php\/wp-json\/wp\/v2\/pages"}],"about":[{"href":"https:\/\/www.psycholog-manchester.co.uk\/index.php\/wp-json\/wp\/v2\/types\/page"}],"author":[{"embeddable":true,"href":"https:\/\/www.psycholog-manchester.co.uk\/index.php\/wp-json\/wp\/v2\/users\/1"}],"replies":[{"embeddable":true,"href":"https:\/\/www.psycholog-manchester.co.uk\/index.php\/wp-json\/wp\/v2\/comments?post=501"}],"version-history":[{"count":10,"href":"https:\/\/www.psycholog-manchester.co.uk\/index.php\/wp-json\/wp\/v2\/pages\/501\/revisions"}],"predecessor-version":[{"id":767,"href":"https:\/\/www.psycholog-manchester.co.uk\/index.php\/wp-json\/wp\/v2\/pages\/501\/revisions\/767"}],"up":[{"embeddable":true,"href":"https:\/\/www.psycholog-manchester.co.uk\/index.php\/wp-json\/wp\/v2\/pages\/354"}],"wp:attachment":[{"href":"https:\/\/www.psycholog-manchester.co.uk\/index.php\/wp-json\/wp\/v2\/media?parent=501"}],"curies":[{"name":"wp","href":"https:\/\/api.w.org\/{rel}","templated":true}]}}