{"id":365,"date":"2021-03-11T15:52:05","date_gmt":"2021-03-11T15:52:05","guid":{"rendered":"https:\/\/www.apf-wellness.co.uk\/?page_id=365"},"modified":"2023-01-22T16:52:36","modified_gmt":"2023-01-22T16:52:36","slug":"ayurveda-consultation","status":"publish","type":"page","link":"https:\/\/www.psycholog-manchester.co.uk\/index.php\/services\/ayurveda-consultation\/","title":{"rendered":"Konsultacja Ayurvedy"},"content":{"rendered":"\n<p>Ayurveda to holistyczna metoda leczenia umys\u0142u i cia\u0142a w celu poprawy zdrowia.<\/p>\n\n\n\n<p>Wst\u0119pna ocena obejmuje:<\/p>\n\n\n\n<div class=\"wp-block-columns is-layout-flex wp-container-core-columns-is-layout-28f84493 wp-block-columns-is-layout-flex\">\n<div class=\"wp-block-column is-layout-flow wp-block-column-is-layout-flow\" style=\"flex-basis:66.66%\">\n<figure class=\"wp-block-image aligncenter size-medium is-resized is-style-default\"><img loading=\"lazy\" decoding=\"async\" src=\"\/wp-content\/uploads\/2021\/04\/DSC_7730-e1617806008500-300x223.jpg\" alt=\"\" class=\"wp-image-618\" width=\"497\" height=\"388\"\/><\/figure>\n<\/div>\n\n\n\n<div class=\"wp-block-column is-layout-flow wp-block-column-is-layout-flow\" style=\"flex-basis:33.33%\">\n<ul class=\"wp-block-list\">\n<li>obszerny wywiad osobisty i medyczny<\/li>\n\n\n\n<li>codzienne preferencje \u017cywieniowe<\/li>\n\n\n\n<li>zaw\u00f3d i warunki pracy<\/li>\n\n\n\n<li>procedury \u0107wicze\u0144<\/li>\n\n\n\n<li>przegl\u0105d relacji<\/li>\n\n\n\n<li>stan zdrowia psychicznego<\/li>\n\n\n\n<li>identyfikacja Prakriti dosh, znanej jako budowa cia\u0142a &#8211; Vata (przestrze\u0144 i powietrze), Pitta (ogie\u0144 i woda), Kapha (woda i ziemia)<\/li>\n\n\n\n<li>badanie t\u0119tna i j\u0119zyka<\/li>\n<\/ul>\n<\/div>\n<\/div>\n\n\n\n<p>Tak obszerny wywiad pozwoli nam zidentyfikowa\u0107 kluczowe objawy i potencjalne przyczyny zaburze\u0144 r\u00f3wnowagi oraz ustali\u0107 odpowiednie opcje leczenia.<\/p>\n\n\n\n<p>Plan leczenia mo\u017ce zawiera\u0107 zalecenie dotycz\u0105ce suplement\u00f3w zio\u0142owych, masa\u017cu, jogi, stylu \u017cycia i diety.<\/p>\n\n\n\n<div class=\"wp-block-buttons is-layout-flex wp-block-buttons-is-layout-flex\">\n<div class=\"wp-block-button has-custom-width wp-block-button__width-100 is-style-outline is-style-outline--1\"><a class=\"wp-block-button__link wp-element-button\" href=\"https:\/\/www.psycholog-manchester.co.uk\/index.php\/booking\/\">Zarezerwuj spotkanie <\/a><\/div>\n<\/div>\n\n\n\n<hr class=\"wp-block-coblocks-dynamic-separator\" style=\"height:62px\">\n\n\n<div class=\"wp-block-coblocks-post-carousel external\"><div class=\"coblocks-swiper swiper-container pb-8\" data-swiper=\"{&quot;slidesToScroll&quot;:1,&quot;arrow&quot;:true,&quot;slidesToShow&quot;:2,&quot;infinite&quot;:true,&quot;adaptiveHeight&quot;:false,&quot;draggable&quot;:true,&quot;rtl&quot;:false,&quot;responsive&quot;:[{&quot;breakpoint&quot;:1024,&quot;settings&quot;:{&quot;slidesToShow&quot;:3}},{&quot;breakpoint&quot;:600,&quot;settings&quot;:{&quot;slidesToShow&quot;:2}},{&quot;breakpoint&quot;:480,&quot;settings&quot;:{&quot;slidesToShow&quot;:1}}]}\"><div class=\"swiper-wrapper\" ><div class=\"wp-block-coblocks-post-carousel__item swiper-slide\"><div class=\"wp-block-coblocks-post-carousel__image\"><a href=\"https:\/\/www.psycholog-manchester.co.uk\/index.php\/2021\/03\/16\/ayurveda-2\/\" class=\"bg-cover bg-center-center\" style=\"background-image:url(https:\/\/www.psycholog-manchester.co.uk\/wp-content\/uploads\/2021\/04\/DSC_7702-e1617806644865.jpg)\"><\/a><\/div><div class=\"wp-block-coblocks-post-carousel__content\"><a href=\"https:\/\/www.psycholog-manchester.co.uk\/index.php\/2021\/03\/16\/ayurveda-2\/\" alt=\"Przewodnik po Ayurveda dla pocz\u0105tkuj\u0105cych\">Przewodnik po Ayurveda dla pocz\u0105tkuj\u0105cych<\/a><div class=\"wp-block-coblocks-post-carousel__excerpt\">\u201ePodstawow\u0105 koncepcj\u0105 Ajurwedy jest utrzymanie zdrowia. Ajurweda nie patrzy na chorob\u0119. Patrzy &hellip; <\/div><\/div><\/div><div class=\"wp-block-coblocks-post-carousel__item swiper-slide\"><div class=\"wp-block-coblocks-post-carousel__image\"><a href=\"https:\/\/www.psycholog-manchester.co.uk\/index.php\/2021\/03\/16\/ayurveda-1\/\" class=\"bg-cover bg-center-center\" style=\"background-image:url(https:\/\/www.psycholog-manchester.co.uk\/wp-content\/uploads\/2021\/04\/DSC_7711-1.jpg)\"><\/a><\/div><div class=\"wp-block-coblocks-post-carousel__content\"><a href=\"https:\/\/www.psycholog-manchester.co.uk\/index.php\/2021\/03\/16\/ayurveda-1\/\" alt=\"Ayurveda i dosze\">Ayurveda i dosze<\/a><div class=\"wp-block-coblocks-post-carousel__excerpt\">Medycyna ajurwedyjska opiera si\u0119 na za\u0142o\u017ceniu, \u017ce \u015bwiat sk\u0142ada si\u0119 z pi\u0119ciu &hellip; <\/div><\/div><\/div><\/div><\/div><button class=\"wp-coblocks-post-carousel-nav-button__prev\" id=\"wp-coblocks-post-carousel-swiper-prev\" style=\"visibility:hidden\" \/><button class=\"wp-coblocks-post-carousel-nav-button__next\" id=\"wp-coblocks-post-carousel-swiper-next\" style=\"visibility:hidden\" \/><\/div>\n\n\n<p><\/p>\n","protected":false},"excerpt":{"rendered":"<p>Ayurveda to holistyczna metoda leczenia umys\u0142u i cia\u0142a w celu poprawy zdrowia. Wst\u0119pna ocena obejmuje: Tak obszerny wywiad pozwoli nam zidentyfikowa\u0107 kluczowe objawy i potencjalne przyczyny zaburze\u0144 r\u00f3wnowagi oraz ustali\u0107 odpowiednie opcje leczenia. Plan leczenia mo\u017ce zawiera\u0107 zalecenie dotycz\u0105ce suplement\u00f3w zio\u0142owych, masa\u017cu, jogi, stylu \u017cycia i diety.<\/p>\n","protected":false},"author":1,"featured_media":0,"parent":354,"menu_order":0,"comment_status":"closed","ping_status":"closed","template":"","meta":{"_coblocks_attr":"","_coblocks_dimensions":"","_coblocks_responsive_height":"","_coblocks_accordion_ie_support":"","footnotes":""},"class_list":["post-365","page","type-page","status-publish","hentry"],"_links":{"self":[{"href":"https:\/\/www.psycholog-manchester.co.uk\/index.php\/wp-json\/wp\/v2\/pages\/365","targetHints":{"allow":["GET"]}}],"collection":[{"href":"https:\/\/www.psycholog-manchester.co.uk\/index.php\/wp-json\/wp\/v2\/pages"}],"about":[{"href":"https:\/\/www.psycholog-manchester.co.uk\/index.php\/wp-json\/wp\/v2\/types\/page"}],"author":[{"embeddable":true,"href":"https:\/\/www.psycholog-manchester.co.uk\/index.php\/wp-json\/wp\/v2\/users\/1"}],"replies":[{"embeddable":true,"href":"https:\/\/www.psycholog-manchester.co.uk\/index.php\/wp-json\/wp\/v2\/comments?post=365"}],"version-history":[{"count":15,"href":"https:\/\/www.psycholog-manchester.co.uk\/index.php\/wp-json\/wp\/v2\/pages\/365\/revisions"}],"predecessor-version":[{"id":762,"href":"https:\/\/www.psycholog-manchester.co.uk\/index.php\/wp-json\/wp\/v2\/pages\/365\/revisions\/762"}],"up":[{"embeddable":true,"href":"https:\/\/www.psycholog-manchester.co.uk\/index.php\/wp-json\/wp\/v2\/pages\/354"}],"wp:attachment":[{"href":"https:\/\/www.psycholog-manchester.co.uk\/index.php\/wp-json\/wp\/v2\/media?parent=365"}],"curies":[{"name":"wp","href":"https:\/\/api.w.org\/{rel}","templated":true}]}}