{"id":361,"date":"2021-03-11T15:46:15","date_gmt":"2021-03-11T15:46:15","guid":{"rendered":"https:\/\/www.apf-wellness.co.uk\/?page_id=361"},"modified":"2023-01-22T16:57:30","modified_gmt":"2023-01-22T16:57:30","slug":"neurotypical-neurodiverse-couples-psychotherapy","status":"publish","type":"page","link":"https:\/\/www.psycholog-manchester.co.uk\/index.php\/services\/neurotypical-neurodiverse-couples-psychotherapy\/","title":{"rendered":"Neurotypowa \/ Neuror\u00f3\u017cnorodna terapia par"},"content":{"rendered":"\n<div class=\"wp-block-columns is-layout-flex wp-container-core-columns-is-layout-28f84493 wp-block-columns-is-layout-flex\">\n<div class=\"wp-block-column is-layout-flow wp-block-column-is-layout-flow\" style=\"flex-basis:66.66%\">\n<figure class=\"wp-block-image aligncenter size-large is-style-default\"><img loading=\"lazy\" decoding=\"async\" width=\"1024\" height=\"868\" src=\"\/wp-content\/uploads\/2021\/04\/DSC_0255-1024x868.jpg\" alt=\"\" class=\"wp-image-612\"\/><\/figure>\n<\/div>\n\n\n\n<div class=\"wp-block-column is-layout-flow wp-block-column-is-layout-flow\" style=\"flex-basis:33.33%\">\n<p class=\"has-text-align-center\">Terapia par Neurotypowych \/ Neuror\u00f3\u017cnorodnych opiera si\u0119 na zrozumieniu z obu stron i nauczeniu\/pokazaniu parze zdrowej drogi do przodu. Terapia opiera si\u0119 na \u0142\u0105czeniu r\u00f3\u017cnych terapii, takich jak EFT (terapia skoncentrowana na emocjach), NLP (programowanie neurolingwistyczne), metoda Imago. Terapia b\u0119dzie sk\u0142ada\u0107 si\u0119 z 14 krok\u00f3w (ale nie tylko) opartych na Podr\u0119czniku Par Aspergera opracowanym przez Ew\u0119 Mendes:<\/p>\n<\/div>\n<\/div>\n\n\n\n<ol class=\"wp-block-list\" type=\"1\">\n<li>D\u0105\u017cenie do diagnozy (opcjonalnie) lub Identyfikacja aspekt\u00f3w zespo\u0142u Aspergera, kt\u00f3re dotycz\u0105 Ciebie;<\/li>\n\n\n\n<li>Zaakceptowanie diagnozy lub zaakceptowanie swoich unikalnych cech;<\/li>\n\n\n\n<li>Utrzymywanie motywacji;<\/li>\n\n\n\n<li>Zrozumienie, w jaki spos\u00f3b AS wp\u0142ywa na jednostk\u0119;<\/li>\n\n\n\n<li>Radzenie sobie z depresj\u0105, l\u0119kiem, zaburzeniem obsesyjno-kompulsyjnym i zespo\u0142em nadpobudliwo\u015bci psychoruchowej z deficytem uwagi;<\/li>\n\n\n\n<li>Samopoznanie i samo\u015bwiadomo\u015b\u0107;<\/li>\n\n\n\n<li>Tworzenie harmonogramu relacji;<\/li>\n\n\n\n<li>Zaspokajanie wzajemnych potrzeb seksualnych;<\/li>\n\n\n\n<li>\u0141\u0105czenie gry r\u00f3wnoleg\u0142ej;<\/li>\n\n\n\n<li>Radzenie sobie z przeci\u0105\u017ceniem sensorycznym i za\u0142amaniami;<\/li>\n\n\n\n<li>Rozszerzaj\u0105ca si\u0119 teoria umys\u0142u;<\/li>\n\n\n\n<li>Doskonalenie komunikacji (nauka interpretacji gest\u00f3w, wyrazu twarzy i tonu g\u0142osu innych os\u00f3b tak, aby intencje i znaczenie komunikacji by\u0142y przejrzyste);<\/li>\n\n\n\n<li>Strategie wsp\u00f3\u0142rodzicielstwa;<\/li>\n\n\n\n<li>Zarz\u0105dzanie oczekiwaniami i zawieszenie os\u0105du (rozwijanie realistycznego rozumienia tego, kim si\u0119 jest, wi\u0119ksze docenianie w\u0142asnych wyj\u0105tkowych cech i mocnych stron).<\/li>\n<\/ol>\n\n\n\n<p>Skupiamy si\u0119 na integracji emocjonalnej po obu stronach podczas sesji, rozwi\u0105zywaniu konflikt\u00f3w, wyznaczaniu granic i komunikacji mi\u0119dzy partnerami.<\/p>\n\n\n\n<p>Osobi\u015bcie jestem \u017con\u0105 m\u0119\u017cczyzn z ASD od ponad 14 lat i rozumiem trudno\u015bci z obu stron. Jestem pasjonatem relacji ASD i NT i wierz\u0119, \u017ce mo\u017ce to by\u0107 tak samo satysfakcjonuj\u0105ce i piel\u0119gnuj\u0105ce jak ka\u017cde inne. Zbada\u0142em ASD, styl przywi\u0105zania i zdrowie psychiczne.<\/p>\n\n\n\n<div class=\"wp-block-buttons is-layout-flex wp-block-buttons-is-layout-flex\">\n<div class=\"wp-block-button has-custom-width wp-block-button__width-100 is-style-outline is-style-outline--1\"><a class=\"wp-block-button__link wp-element-button\" href=\"https:\/\/www.psycholog-manchester.co.uk\/index.php\/booking\/\">Zarezerwuj sesj\u0119<\/a><\/div>\n<\/div>\n\n\n\n<hr class=\"wp-block-coblocks-dynamic-separator\" style=\"height:91px\">\n\n\n\n<p><\/p>\n\n\n<div class=\"wp-block-coblocks-post-carousel external\"><div class=\"coblocks-swiper swiper-container pb-8\" data-swiper=\"{&quot;slidesToScroll&quot;:1,&quot;arrow&quot;:true,&quot;slidesToShow&quot;:2,&quot;infinite&quot;:true,&quot;adaptiveHeight&quot;:false,&quot;draggable&quot;:true,&quot;rtl&quot;:false,&quot;responsive&quot;:[{&quot;breakpoint&quot;:1024,&quot;settings&quot;:{&quot;slidesToShow&quot;:3}},{&quot;breakpoint&quot;:600,&quot;settings&quot;:{&quot;slidesToShow&quot;:2}},{&quot;breakpoint&quot;:480,&quot;settings&quot;:{&quot;slidesToShow&quot;:1}}]}\"><div class=\"swiper-wrapper\" ><div class=\"wp-block-coblocks-post-carousel__item swiper-slide\"><div class=\"wp-block-coblocks-post-carousel__image\"><a href=\"https:\/\/www.psycholog-manchester.co.uk\/index.php\/2021\/04\/07\/love-and-autism\/\" class=\"bg-cover bg-center-center\" style=\"background-image:url(https:\/\/www.psycholog-manchester.co.uk\/wp-content\/uploads\/2021\/04\/LoveAndAutism.png)\"><\/a><\/div><div class=\"wp-block-coblocks-post-carousel__content\"><a href=\"https:\/\/www.psycholog-manchester.co.uk\/index.php\/2021\/04\/07\/love-and-autism\/\" alt=\"Mi\u0142o\u015b\u0107 i autyzm\">Mi\u0142o\u015b\u0107 i autyzm<\/a><div class=\"wp-block-coblocks-post-carousel__excerpt\">Mi\u0142o\u015b\u0107 w spektrum jest bardzo skomplikowana. Istnieje pi\u0119tno, \u017ce w miar\u0119 rozwoju &hellip; <\/div><\/div><\/div><\/div><\/div><button class=\"wp-coblocks-post-carousel-nav-button__prev\" id=\"wp-coblocks-post-carousel-swiper-prev\" style=\"visibility:hidden\" \/><button class=\"wp-coblocks-post-carousel-nav-button__next\" id=\"wp-coblocks-post-carousel-swiper-next\" style=\"visibility:hidden\" \/><\/div>","protected":false},"excerpt":{"rendered":"<p>Terapia par Neurotypowych \/ Neuror\u00f3\u017cnorodnych opiera si\u0119 na zrozumieniu z obu stron i nauczeniu\/pokazaniu parze zdrowej drogi do przodu. Terapia opiera si\u0119 na \u0142\u0105czeniu r\u00f3\u017cnych terapii, takich jak EFT (terapia skoncentrowana na emocjach), NLP (programowanie neurolingwistyczne), metoda Imago. Terapia b\u0119dzie sk\u0142ada\u0107 si\u0119 z 14 krok\u00f3w (ale nie tylko) opartych na [&hellip;]<\/p>\n","protected":false},"author":1,"featured_media":0,"parent":354,"menu_order":0,"comment_status":"closed","ping_status":"closed","template":"","meta":{"_coblocks_attr":"","_coblocks_dimensions":"","_coblocks_responsive_height":"","_coblocks_accordion_ie_support":"","footnotes":""},"class_list":["post-361","page","type-page","status-publish","hentry"],"_links":{"self":[{"href":"https:\/\/www.psycholog-manchester.co.uk\/index.php\/wp-json\/wp\/v2\/pages\/361","targetHints":{"allow":["GET"]}}],"collection":[{"href":"https:\/\/www.psycholog-manchester.co.uk\/index.php\/wp-json\/wp\/v2\/pages"}],"about":[{"href":"https:\/\/www.psycholog-manchester.co.uk\/index.php\/wp-json\/wp\/v2\/types\/page"}],"author":[{"embeddable":true,"href":"https:\/\/www.psycholog-manchester.co.uk\/index.php\/wp-json\/wp\/v2\/users\/1"}],"replies":[{"embeddable":true,"href":"https:\/\/www.psycholog-manchester.co.uk\/index.php\/wp-json\/wp\/v2\/comments?post=361"}],"version-history":[{"count":12,"href":"https:\/\/www.psycholog-manchester.co.uk\/index.php\/wp-json\/wp\/v2\/pages\/361\/revisions"}],"predecessor-version":[{"id":765,"href":"https:\/\/www.psycholog-manchester.co.uk\/index.php\/wp-json\/wp\/v2\/pages\/361\/revisions\/765"}],"up":[{"embeddable":true,"href":"https:\/\/www.psycholog-manchester.co.uk\/index.php\/wp-json\/wp\/v2\/pages\/354"}],"wp:attachment":[{"href":"https:\/\/www.psycholog-manchester.co.uk\/index.php\/wp-json\/wp\/v2\/media?parent=361"}],"curies":[{"name":"wp","href":"https:\/\/api.w.org\/{rel}","templated":true}]}}