{"id":354,"date":"2021-03-11T15:30:29","date_gmt":"2021-03-11T15:30:29","guid":{"rendered":"https:\/\/www.apf-wellness.co.uk\/?page_id=354"},"modified":"2023-01-22T16:49:03","modified_gmt":"2023-01-22T16:49:03","slug":"services","status":"publish","type":"page","link":"https:\/\/www.psycholog-manchester.co.uk\/index.php\/services\/","title":{"rendered":"Us\u0142ugi"},"content":{"rendered":"\n<p>Obecnie oferujemy nast\u0119puj\u0105ce us\u0142ugi:<\/p>\n\n\n\n<div class=\"wp-block-coblocks-services\"><div class=\"has-columns has-2-columns has-responsive-columns has-medium-gutter\">\n\n<div class=\"wp-block-coblocks-service\"><figure class=\"wp-block-coblocks-service__figure\"><a href=\"https:\/\/www.psycholog-manchester.co.uk\/index.php\/services\/psychotherapy\/\"><img decoding=\"async\" src=\"\/wp-content\/uploads\/2021\/04\/image1.jpeg\" alt=\"\"><\/a><\/figure><div class=\"wp-block-coblocks-service__content\">\n\n<h3 class=\"wp-block-heading\"><a href=\"https:\/\/www.psycholog-manchester.co.uk\/index.php\/services\/wellbeing-therapy\/\">Wellbeing therapy<\/a><\/h3>\n\n\n<p><\/p>\n\n<\/div><\/div>\n\n\n<div class=\"wp-block-coblocks-service\"><figure class=\"wp-block-coblocks-service__figure\"><a href=\"https:\/\/www.psycholog-manchester.co.uk\/index.php\/services\/trauma-therapy\/\"><img decoding=\"async\" src=\"\/wp-content\/uploads\/2020\/03\/88106796_2740662506011940_3112424840766685184_n-scaled-e1617808999468.jpg\" alt=\"\" style=\"object-position:50% 65%\"><\/a><\/figure><div class=\"wp-block-coblocks-service__content\">\n\n<h3 class=\"wp-block-heading\"><a href=\"https:\/\/www.psycholog-manchester.co.uk\/index.php\/services\/trauma-therapy\/\">Yoga Trauma Therapy<\/a><\/h3>\n\n\n<p><\/p>\n\n<\/div><\/div>\n\n<\/div><\/div>\n\n\n\n<div class=\"wp-block-coblocks-services\"><div class=\"has-columns has-2-columns has-responsive-columns has-medium-gutter\">\n\n<div class=\"wp-block-coblocks-service\"><figure class=\"wp-block-coblocks-service__figure\"><a href=\"https:\/\/www.psycholog-manchester.co.uk\/index.php\/services\/neurotypical-neurodiverse-couples-psychotherapy\/\"><img decoding=\"async\" src=\"\/wp-content\/uploads\/2021\/03\/ribbon-a.png\" alt=\"\"><\/a><\/figure><div class=\"wp-block-coblocks-service__content\">\n\n<h3 class=\"wp-block-heading\"><a href=\"https:\/\/www.psycholog-manchester.co.uk\/index.php\/services\/neurotypical-neurodiverse-couples-psychotherapy\/\">Neurotypical\/Neurodiverse couples psychotherapy<\/a><\/h3>\n\n\n<p><\/p>\n\n<\/div><\/div>\n\n\n<div class=\"wp-block-coblocks-service\"><figure class=\"wp-block-coblocks-service__figure\"><a href=\"https:\/\/www.psycholog-manchester.co.uk\/index.php\/services\/yoga-therapy\/\"><img decoding=\"async\" src=\"\/wp-content\/uploads\/2021\/04\/DSC_7711-1.jpg\" alt=\"\"><\/a><\/figure><div class=\"wp-block-coblocks-service__content\">\n\n<h3 class=\"wp-block-heading\"><a href=\"https:\/\/www.psycholog-manchester.co.uk\/index.php\/services\/ayurveda-consultation\/\" data-type=\"page\" data-id=\"365\"><\/a><a href=\"https:\/\/www.psycholog-manchester.co.uk\/index.php\/services\/ayurveda-consultation\/\">Ayurveda Consultation<\/a><\/h3>\n\n\n<p><\/p>\n\n<\/div><\/div>\n\n<\/div><\/div>\n","protected":false},"excerpt":{"rendered":"<p>Obecnie oferujemy nast\u0119puj\u0105ce us\u0142ugi:<\/p>\n","protected":false},"author":1,"featured_media":0,"parent":0,"menu_order":0,"comment_status":"closed","ping_status":"closed","template":"","meta":{"_coblocks_attr":"","_coblocks_dimensions":"","_coblocks_responsive_height":"","_coblocks_accordion_ie_support":"","footnotes":""},"class_list":["post-354","page","type-page","status-publish","hentry"],"_links":{"self":[{"href":"https:\/\/www.psycholog-manchester.co.uk\/index.php\/wp-json\/wp\/v2\/pages\/354","targetHints":{"allow":["GET"]}}],"collection":[{"href":"https:\/\/www.psycholog-manchester.co.uk\/index.php\/wp-json\/wp\/v2\/pages"}],"about":[{"href":"https:\/\/www.psycholog-manchester.co.uk\/index.php\/wp-json\/wp\/v2\/types\/page"}],"author":[{"embeddable":true,"href":"https:\/\/www.psycholog-manchester.co.uk\/index.php\/wp-json\/wp\/v2\/users\/1"}],"replies":[{"embeddable":true,"href":"https:\/\/www.psycholog-manchester.co.uk\/index.php\/wp-json\/wp\/v2\/comments?post=354"}],"version-history":[{"count":7,"href":"https:\/\/www.psycholog-manchester.co.uk\/index.php\/wp-json\/wp\/v2\/pages\/354\/revisions"}],"predecessor-version":[{"id":760,"href":"https:\/\/www.psycholog-manchester.co.uk\/index.php\/wp-json\/wp\/v2\/pages\/354\/revisions\/760"}],"wp:attachment":[{"href":"https:\/\/www.psycholog-manchester.co.uk\/index.php\/wp-json\/wp\/v2\/media?parent=354"}],"curies":[{"name":"wp","href":"https:\/\/api.w.org\/{rel}","templated":true}]}}